{"id":951,"date":"2022-01-10T21:23:31","date_gmt":"2022-01-10T20:23:31","guid":{"rendered":"https:\/\/honeyandlemon.de\/?page_id=951"},"modified":"2025-10-23T12:06:22","modified_gmt":"2025-10-23T10:06:22","slug":"felines-blog","status":"publish","type":"page","link":"https:\/\/honeyandlemon.de\/","title":{"rendered":"Felines &#038; K\u00e4thes Blog"},"content":{"rendered":"Du musst angemeldet sein, um diesen Inhalt sehen zu k\u00f6nnen.","protected":false},"excerpt":{"rendered":"Du musst angemeldet sein, um diesen Inhalt sehen zu k\u00f6nnen.","protected":false},"author":4,"featured_media":0,"parent":0,"menu_order":0,"comment_status":"closed","ping_status":"closed","template":"","meta":{"_bbp_topic_count":0,"_bbp_reply_count":0,"_bbp_total_topic_count":0,"_bbp_total_reply_count":0,"_bbp_voice_count":0,"_bbp_anonymous_reply_count":0,"_bbp_topic_count_hidden":0,"_bbp_reply_count_hidden":0,"_bbp_forum_subforum_count":0,"footnotes":""},"_links":{"self":[{"href":"https:\/\/honeyandlemon.de\/index.php?rest_route=\/wp\/v2\/pages\/951"}],"collection":[{"href":"https:\/\/honeyandlemon.de\/index.php?rest_route=\/wp\/v2\/pages"}],"about":[{"href":"https:\/\/honeyandlemon.de\/index.php?rest_route=\/wp\/v2\/types\/page"}],"author":[{"embeddable":true,"href":"https:\/\/honeyandlemon.de\/index.php?rest_route=\/wp\/v2\/users\/4"}],"replies":[{"embeddable":true,"href":"https:\/\/honeyandlemon.de\/index.php?rest_route=%2Fwp%2Fv2%2Fcomments&post=951"}],"version-history":[{"count":7,"href":"https:\/\/honeyandlemon.de\/index.php?rest_route=\/wp\/v2\/pages\/951\/revisions"}],"predecessor-version":[{"id":3618,"href":"https:\/\/honeyandlemon.de\/index.php?rest_route=\/wp\/v2\/pages\/951\/revisions\/3618"}],"wp:attachment":[{"href":"https:\/\/honeyandlemon.de\/index.php?rest_route=%2Fwp%2Fv2%2Fmedia&parent=951"}],"curies":[{"name":"wp","href":"https:\/\/api.w.org\/{rel}","templated":true}]}}